{"id":101,"date":"2020-09-29T22:58:54","date_gmt":"2020-09-30T03:58:54","guid":{"rendered":"https:\/\/zoeandzoe.com\/col\/?post_type=product&#038;p=101"},"modified":"2023-06-11T00:25:48","modified_gmt":"2023-06-11T05:25:48","slug":"crema-para-pezones-lanolin-lansinoh-7-gr","status":"publish","type":"product","link":"https:\/\/zoeandzoe.com\/col\/producto\/crema-para-pezones-lanolin-lansinoh-7-gr\/","title":{"rendered":"Crema para Pezones Lanolin Lansinoh 7 gr"},"content":{"rendered":"<p><span data-sheets-value=\"{&quot;1&quot;:2,&quot;2&quot;:&quot;La \u201cCrema Milagro\u201d seg\u00fan las madres, 93% de madres dicen que la Lanolina de Lansinoh calm\u00f3 sus pezones en el mismo d\u00eda de su uso. La Lanolina HPA\u00ae ayuda a calmar y proteger pezones adoloridos y agrietados.Muchas personas tambien la usan para labios agrietados, piel seca, cortes y quemaduras.&quot;}\" data-sheets-userformat=\"{&quot;2&quot;:6979,&quot;3&quot;:{&quot;1&quot;:0},&quot;4&quot;:{&quot;1&quot;:2,&quot;2&quot;:16777215},&quot;9&quot;:0,&quot;11&quot;:4,&quot;12&quot;:0,&quot;14&quot;:{&quot;1&quot;:2,&quot;2&quot;:0},&quot;15&quot;:&quot;Arial&quot;}\">La \u201cCrema Milagro\u201d seg\u00fan las madres. 93% de madres dicen que la Lanolina de Lansinoh calm\u00f3 sus pezones en el mismo d\u00eda de su uso. La Lanolina HPA\u00ae ayuda a calmar y proteger pezones adoloridos y agrietados. Muchas personas tambien la usan para labios agrietados, piel seca, cortes y quemaduras.<\/span><\/p>\n","protected":false},"excerpt":{"rendered":"<p>La \u201cCrema Milagro\u201d seg\u00fan las madres. 93% de madres dicen que la Lanolina de Lansinoh calm\u00f3 sus pezones en el mismo d\u00eda de su uso. La Lanolina HPA\u00ae ayuda a calmar y proteger pezones adoloridos y agrietados. Muchas personas tambien la usan para labios agrietados, piel seca, cortes y quemaduras.<\/p>\n","protected":false},"featured_media":350,"template":"","meta":{"_et_pb_use_builder":"","_et_pb_old_content":"","_et_gb_content_width":""},"product_brand":[],"product_cat":[61,62,26],"product_tag":[],"class_list":{"0":"post-101","1":"product","2":"type-product","3":"status-publish","4":"has-post-thumbnail","6":"product_cat-mamitas","7":"product_cat-mama","8":"product_cat-lactancia-materna","10":"first","11":"instock","12":"taxable","13":"shipping-taxable","14":"purchasable","15":"product-type-simple"},"_links":{"self":[{"href":"https:\/\/zoeandzoe.com\/col\/wp-json\/wp\/v2\/product\/101","targetHints":{"allow":["GET"]}}],"collection":[{"href":"https:\/\/zoeandzoe.com\/col\/wp-json\/wp\/v2\/product"}],"about":[{"href":"https:\/\/zoeandzoe.com\/col\/wp-json\/wp\/v2\/types\/product"}],"wp:featuredmedia":[{"embeddable":true,"href":"https:\/\/zoeandzoe.com\/col\/wp-json\/wp\/v2\/media\/350"}],"wp:attachment":[{"href":"https:\/\/zoeandzoe.com\/col\/wp-json\/wp\/v2\/media?parent=101"}],"wp:term":[{"taxonomy":"product_brand","embeddable":true,"href":"https:\/\/zoeandzoe.com\/col\/wp-json\/wp\/v2\/product_brand?post=101"},{"taxonomy":"product_cat","embeddable":true,"href":"https:\/\/zoeandzoe.com\/col\/wp-json\/wp\/v2\/product_cat?post=101"},{"taxonomy":"product_tag","embeddable":true,"href":"https:\/\/zoeandzoe.com\/col\/wp-json\/wp\/v2\/product_tag?post=101"}],"curies":[{"name":"wp","href":"https:\/\/api.w.org\/{rel}","templated":true}]}}