{"id":2208,"date":"2020-11-14T18:08:30","date_gmt":"2020-11-14T23:08:30","guid":{"rendered":"https:\/\/zoeandzoe.com\/col\/?page_id=2208"},"modified":"2025-07-10T15:24:45","modified_gmt":"2025-07-10T20:24:45","slug":"bono-regalo","status":"publish","type":"page","link":"https:\/\/zoeandzoe.com\/col\/bono-regalo\/","title":{"rendered":"Bono Regalo"},"content":{"rendered":"<p>[et_pb_section fb_built=\u00bb1&#8243; _builder_version=\u00bb4.16&#8243; _module_preset=\u00bbdefault\u00bb background_color=\u00bb#f4aeb7&#8243; background_color_gradient_direction=\u00bb85deg\u00bb background_enable_image=\u00bboff\u00bb parallax=\u00bbon\u00bb parallax_method=\u00bboff\u00bb background_last_edited=\u00bbon|tablet\u00bb background_color_gradient_stops_tablet=\u00bb#2b87da 0%|rgba(244,174,183,0.6) 100%\u00bb background_color_gradient_stops_phone=\u00bb#2b87da 0%|rgba(244,174,183,0.6) 100%\u00bb background_color_gradient_end_tablet=\u00bbrgba(244,174,183,0.6)\u00bb background_color_gradient_end_phone=\u00bbrgba(244,174,183,0.6)\u00bb parallax_tablet=\u00bboff\u00bb background_size_tablet=\u00bbcover\u00bb background_position_phone=\u00bbcenter\u00bb locked=\u00bboff\u00bb global_colors_info=\u00bb{}\u00bb][et_pb_row _builder_version=\u00bb4.16&#8243; _module_preset=\u00bbdefault\u00bb min_height=\u00bb74px\u00bb custom_margin=\u00bb||-50px||false|false\u00bb global_colors_info=\u00bb{}\u00bb][et_pb_column type=\u00bb4_4&#8243; _builder_version=\u00bb4.16&#8243; _module_preset=\u00bbdefault\u00bb global_colors_info=\u00bb{}\u00bb][et_pb_text _builder_version=\u00bb4.16&#8243; _module_preset=\u00bbdefault\u00bb text_font=\u00bb|700|||||||\u00bb text_text_color=\u00bb#f4aeb7&#8243; header_font=\u00bb|700|||||||\u00bb header_text_color=\u00bb#f4aeb7&#8243; header_3_font=\u00bbAmita|700|||||||\u00bb header_3_text_color=\u00bb#FFFFFF\u00bb header_3_line_height=\u00bb1.3em\u00bb custom_margin=\u00bb||50px||false|false\u00bb header_text_color_tablet=\u00bb\u00bb header_text_color_phone=\u00bb\u00bb header_text_color_last_edited=\u00bbon|desktop\u00bb global_colors_info=\u00bb{}\u00bb]<\/p>\n<div class=\"heading  header-subheader align-center color-black subcolor-main transform-default theme-icon-second icon-type-default   vc_custom_1587150049493 heading-tag-h3\" id=\"like_sc_header_477213886\">\n<h3 class=\"header ltx-sr-id-like_sc_header_477213886487915941 ltx-sr ltx-sr-effect-fade_in ltx-sr-el-block ltx-sr-delay-0 ltx-sr-duration-1000 ltx-sr-sequences-0\" data-sr-id=\"3\" style=\"text-align: center;\"><span style=\"font-size: xx-large;\"><span color=\"#ee8190\"><span style=\"caret-color: #ee8190;\">Bono de Regalo Online<\/span><\/span><\/span><\/h3>\n<\/div>\n<p>[\/et_pb_text][\/et_pb_column][\/et_pb_row][\/et_pb_section][et_pb_section fb_built=\u00bb1&#8243; _builder_version=\u00bb4.16&#8243; _module_preset=\u00bbdefault\u00bb min_height=\u00bb1287px\u00bb custom_padding=\u00bb||3px|||\u00bb global_colors_info=\u00bb{}\u00bb][et_pb_row column_structure=\u00bb1_2,1_2&#8243; _builder_version=\u00bb4.16&#8243; locked=\u00bboff\u00bb global_colors_info=\u00bb{}\u00bb][et_pb_column type=\u00bb1_2&#8243; _builder_version=\u00bb4.16&#8243; global_colors_info=\u00bb{}\u00bb][et_pb_wc_images _builder_version=\u00bb4.16&#8243; global_colors_info=\u00bb{}\u00bb][\/et_pb_wc_images][\/et_pb_column][et_pb_column type=\u00bb1_2&#8243; _builder_version=\u00bb4.16&#8243; global_colors_info=\u00bb{}\u00bb][et_pb_wc_cart_notice _builder_version=\u00bb4.16&#8243; background_color=\u00bb#f7c4cb\u00bb custom_button=\u00bbon\u00bb button_text_size=\u00bb19px\u00bb button_text_color=\u00bb#f4aeb7&#8243; button_bg_color=\u00bb#FFFFFF\u00bb button_border_radius=\u00bb4px\u00bb global_colors_info=\u00bb{}\u00bb][\/et_pb_wc_cart_notice][et_pb_wc_title _builder_version=\u00bb4.16&#8243; header_font=\u00bb||||||||\u00bb header_text_align=\u00bbcenter\u00bb header_text_color=\u00bb#8e8e8e\u00bb header_line_height=\u00bb1.5em\u00bb min_height=\u00bb27px\u00bb custom_margin=\u00bb0px||10px||false|false\u00bb global_colors_info=\u00bb{}\u00bb][\/et_pb_wc_title][et_pb_divider color=\u00bb#8e8e8e\u00bb divider_weight=\u00bb2px\u00bb _builder_version=\u00bb4.16&#8243; width=\u00bb9%\u00bb module_alignment=\u00bbcenter\u00bb custom_margin=\u00bb||0px||false|false\u00bb custom_padding=\u00bb||0px||false|false\u00bb global_colors_info=\u00bb{}\u00bb][\/et_pb_divider][et_pb_wc_price _builder_version=\u00bb4.16&#8243; body_text_color=\u00bb#f4aeb7&#8243; text_orientation=\u00bbcenter\u00bb custom_margin=\u00bb||15px||false|false\u00bb global_colors_info=\u00bb{}\u00bb][\/et_pb_wc_price][et_pb_wc_rating show_reviews_link=\u00bboff\u00bb _builder_version=\u00bb4.16&#8243; rating_text_align=\u00bbcenter\u00bb rating_text_color=\u00bb#fff091&#8243; min_height=\u00bb30px\u00bb custom_margin=\u00bb0em|0em|0em|0em|false|false\u00bb global_colors_info=\u00bb{}\u00bb][\/et_pb_wc_rating][et_pb_code _builder_version=\u00bb4.16&#8243; _module_preset=\u00bbdefault\u00bb global_colors_info=\u00bb{}\u00bb][yith_wcwl_add_to_wishlist][\/et_pb_code][et_pb_wc_add_to_cart _builder_version=\u00bb4.16&#8243; fields_background_color=\u00bb#f4aeb7&#8243; fields_custom_margin=\u00bb||||false|false\u00bb fields_custom_padding=\u00bb||||false|false\u00bb fields_font_size=\u00bb18px\u00bb custom_button=\u00bbon\u00bb button_text_size=\u00bb20px\u00bb button_text_color=\u00bb#FFFFFF\u00bb button_bg_color=\u00bb#f4aeb7&#8243; button_border_width=\u00bb0px\u00bb button_border_radius=\u00bb39px\u00bb custom_margin=\u00bb||40px||false|false\u00bb custom_padding=\u00bb||50px||false|false\u00bb border_radii_fields=\u00bbon|100px|100px|100px|100px\u00bb global_colors_info=\u00bb{}\u00bb][\/et_pb_wc_add_to_cart][\/et_pb_column][\/et_pb_row][et_pb_row _builder_version=\u00bb4.16&#8243; _module_preset=\u00bbdefault\u00bb global_colors_info=\u00bb{}\u00bb][et_pb_column type=\u00bb4_4&#8243; _builder_version=\u00bb4.16&#8243; _module_preset=\u00bbdefault\u00bb global_colors_info=\u00bb{}\u00bb][et_pb_text _builder_version=\u00bb4.16&#8243; _module_preset=\u00bbdefault\u00bb text_font=\u00bbAmita|700|||||||\u00bb text_text_color=\u00bb#f4aeb7&#8243; text_font_size=\u00bb40px\u00bb header_font=\u00bbAmita|700|||||||\u00bb header_text_color=\u00bb#f4aeb7&#8243; header_font_size=\u00bb34px\u00bb header_3_font=\u00bbAmita|700|||||||\u00bb header_3_font_size=\u00bb26px\u00bb header_3_line_height=\u00bb1.3em\u00bb text_orientation=\u00bbcenter\u00bb custom_margin=\u00bb||40px||false|false\u00bb custom_padding=\u00bb0px||||false|false\u00bb header_text_color_tablet=\u00bb\u00bb header_text_color_phone=\u00bb\u00bb header_text_color_last_edited=\u00bbon|desktop\u00bb global_colors_info=\u00bb{}\u00bb]<\/p>\n<p>Descripci\u00f3n<\/p>\n<p>[\/et_pb_text][et_pb_text _builder_version=\u00bb4.16&#8243; _module_preset=\u00bbdefault\u00bb global_colors_info=\u00bb{}\u00bb]<\/p>\n<p>Sorprende a esa persona especial con un bono online por el valor que t\u00fa desees apartir de $50.000. Nosotros se lo haremos llegar por Mail a esa persona. Es redimible \u00fanicamente en cualquiera de nuestros productos o servicios.<\/p>\n<p>Cualquier inquietud pueden escribir correo <a href=\"mailto:info@zoebeautystore.com\">info@zoebeautystore.com<\/a><\/p>\n<p>&nbsp;<\/p>\n<p>&nbsp;<\/p>\n<p>[\/et_pb_text][et_pb_text _builder_version=\u00bb4.16&#8243; _module_preset=\u00bbdefault\u00bb text_font=\u00bbAmita|700|||||||\u00bb text_text_color=\u00bb#f4aeb7&#8243; text_font_size=\u00bb40px\u00bb header_font=\u00bbAmita|700|||||||\u00bb header_text_color=\u00bb#f4aeb7&#8243; header_font_size=\u00bb34px\u00bb header_3_font=\u00bbAmita|700|||||||\u00bb header_3_font_size=\u00bb26px\u00bb header_3_line_height=\u00bb1.3em\u00bb text_orientation=\u00bbcenter\u00bb custom_margin=\u00bb||40px||false|false\u00bb custom_padding=\u00bb0px||||false|false\u00bb header_text_color_tablet=\u00bb\u00bb header_text_color_phone=\u00bb\u00bb header_text_color_last_edited=\u00bbon|desktop\u00bb global_colors_info=\u00bb{}\u00bb]<\/p>\n<p>Importante<\/p>\n<p>[\/et_pb_text][et_pb_text _builder_version=\u00bb4.16&#8243; _module_preset=\u00bbdefault\u00bb global_colors_info=\u00bb{}\u00bb]<\/p>\n<p>1. Su redenci\u00f3n es \u00fanicamente online en <a href=\"http:\/\/www.zoemakeupandbeauty.com\">www.zoemakeupandbeauty.com<\/a><\/p>\n<p>2. Tiene vigencia de 3 meses desde la fecha de su compra.<\/p>\n<p>3. Se redime como un m\u00e9todo de pago al finalizar la compra con el c\u00f3digo que se env\u00eda en escrito en el bono.<\/p>\n<p>4. Este ser\u00e1 enviado v\u00eda mail de acuerdo a los datos proporcionados por la persona al momento de la compra.<\/p>\n<p>5. ZOE BEAUTY STORE no se hace responsable de la p\u00e9rdida o robo del bono, as\u00ed como error al escribir el destinatario. Es muy importante asegurarse bien que los datos del destinatario que sean los correctos antes de darle finalizar a la compra.<\/p>\n<p>&nbsp;<\/p>\n<p>Cualquier inquietud pueden escribir correo info@zoebeautystore.com<\/p>\n<p>[\/et_pb_text][\/et_pb_column][\/et_pb_row][\/et_pb_section][et_pb_section fb_built=\u00bb1&#8243; admin_label=\u00bbContact Form\u00bb _builder_version=\u00bb4.16&#8243; background_color=\u00bb#ffffff\u00bb background_enable_image=\u00bboff\u00bb background_size=\u00bbinitial\u00bb min_height=\u00bb311px\u00bb custom_margin=\u00bb||||false|false\u00bb custom_padding=\u00bb||0px|3px|false|false\u00bb global_colors_info=\u00bb{}\u00bb][et_pb_row _builder_version=\u00bb4.16&#8243; global_colors_info=\u00bb{}\u00bb][et_pb_column type=\u00bb4_4&#8243; _builder_version=\u00bb4.16&#8243; custom_padding=\u00bb|||\u00bb global_colors_info=\u00bb{}\u00bb custom_padding__hover=\u00bb|||\u00bb][et_pb_text _builder_version=\u00bb4.16&#8243; _module_preset=\u00bbdefault\u00bb text_font=\u00bbAmita|700|||||||\u00bb text_text_color=\u00bb#f4aeb7&#8243; text_font_size=\u00bb40px\u00bb header_font=\u00bbAmita|700|||||||\u00bb header_text_color=\u00bb#f4aeb7&#8243; header_font_size=\u00bb34px\u00bb header_3_font=\u00bbAmita|700|||||||\u00bb header_3_font_size=\u00bb26px\u00bb header_3_line_height=\u00bb1.3em\u00bb text_orientation=\u00bbcenter\u00bb custom_margin=\u00bb||40px||false|false\u00bb custom_padding=\u00bb0px||||false|false\u00bb header_text_color_tablet=\u00bb\u00bb header_text_color_phone=\u00bb\u00bb header_text_color_last_edited=\u00bbon|desktop\u00bb global_colors_info=\u00bb{}\u00bb]<\/p>\n<p>Asesor\u00eda Online<\/p>\n<p>[\/et_pb_text][et_pb_image src=\u00bbhttps:\/\/zoeandzoe.com\/col\/wp-content\/uploads\/2020\/11\/Asset-1@2x-100.jpg\u00bb title_text=\u00bbAsset 1@2x-100&#8243; align=\u00bbcenter\u00bb _builder_version=\u00bb4.16&#8243; _module_preset=\u00bbdefault\u00bb width=\u00bb11%\u00bb width_tablet=\u00bb28%\u00bb width_phone=\u00bb33%\u00bb width_last_edited=\u00bbon|desktop\u00bb custom_margin=\u00bb20px||30px||false|false\u00bb animation_style=\u00bbbounce\u00bb global_colors_info=\u00bb{}\u00bb][\/et_pb_image][et_pb_text _builder_version=\u00bb4.16&#8243; _module_preset=\u00bbdefault\u00bb width=\u00bb38.1%\u00bb width_tablet=\u00bb60.3%\u00bb width_phone=\u00bb79%\u00bb width_last_edited=\u00bbon|phone\u00bb max_width=\u00bb100%\u00bb module_alignment=\u00bbcenter\u00bb custom_padding=\u00bb|||2px||\u00bb global_colors_info=\u00bb{}\u00bb]<\/p>\n<p style=\"text-align: center;\">\u00a0ESTAMOS AQU\u00cd PARA AYUDARTE!!!<\/p>\n<p style=\"text-align: center;\">\u00bfTienes alguna duda?\u00a0Mi equipo de expertos en belleza y yo, estamos\u00a0para asesorarte en tu compra.<\/p>\n<p>[\/et_pb_text][et_pb_button button_url=\u00bbhttp:\/\/wa.me\/19295988353&#8243; url_new_window=\u00bbon\u00bb button_text=\u00bbLINK DIRECTO\u00bb button_alignment=\u00bbcenter\u00bb _builder_version=\u00bb4.27.4&#8243; _module_preset=\u00bbdefault\u00bb custom_button=\u00bbon\u00bb button_text_size=\u00bb16px\u00bb button_text_color=\u00bb#ffffff\u00bb button_bg_color=\u00bb#f4aeb7&#8243; background_layout=\u00bbdark\u00bb custom_margin=\u00bb30px||60px||false|false\u00bb hover_enabled=\u00bb0&#8243; global_colors_info=\u00bb{}\u00bb button_bg_color__hover_enabled=\u00bboff|hover\u00bb button_bg_color__hover=\u00bb#FFFFFF\u00bb button_bg_enable_color__hover=\u00bbon\u00bb sticky_enabled=\u00bb0&#8243;][\/et_pb_button][\/et_pb_column][\/et_pb_row][\/et_pb_section][et_pb_section fb_built=\u00bb1&#8243; admin_label=\u00bbContact Form\u00bb _builder_version=\u00bb4.16&#8243; background_color=\u00bb#FFFFFF\u00bb background_enable_image=\u00bboff\u00bb background_size=\u00bbinitial\u00bb min_height=\u00bb434px\u00bb custom_margin=\u00bb||-54px||false|false\u00bb locked=\u00bboff\u00bb global_colors_info=\u00bb{}\u00bb][et_pb_row _builder_version=\u00bb4.16&#8243; custom_margin=\u00bb-90px||||false|false\u00bb global_colors_info=\u00bb{}\u00bb][et_pb_column type=\u00bb4_4&#8243; _builder_version=\u00bb4.16&#8243; custom_padding=\u00bb|||\u00bb global_colors_info=\u00bb{}\u00bb custom_padding__hover=\u00bb|||\u00bb][et_pb_divider show_divider=\u00bboff\u00bb _builder_version=\u00bb4.16&#8243; _module_preset=\u00bbdefault\u00bb custom_margin=\u00bb||30px||false|false\u00bb global_colors_info=\u00bb{}\u00bb][\/et_pb_divider][et_pb_text _builder_version=\u00bb4.16&#8243; _module_preset=\u00bbdefault\u00bb text_font=\u00bb|700|||||||\u00bb text_text_color=\u00bb#f4aeb7&#8243; header_font=\u00bb|700|||||||\u00bb header_text_color=\u00bb#f4aeb7&#8243; header_3_font=\u00bb||||||||\u00bb header_3_line_height=\u00bb1.3em\u00bb custom_margin=\u00bb||6px|||\u00bb header_text_color_tablet=\u00bb\u00bb header_text_color_phone=\u00bb\u00bb header_text_color_last_edited=\u00bbon|desktop\u00bb global_colors_info=\u00bb{}\u00bb]<\/p>\n<div class=\"heading  header-subheader align-center color-black subcolor-main transform-default theme-icon-second icon-type-default   vc_custom_1587150049493 heading-tag-h3\" id=\"like_sc_header_477213886\">\n<h3 class=\"header ltx-sr-id-like_sc_header_477213886487915941 ltx-sr ltx-sr-effect-fade_in ltx-sr-el-block ltx-sr-delay-0 ltx-sr-duration-1000 ltx-sr-sequences-0\" data-sr-id=\"3\" style=\"text-align: center;\"><span style=\"font-size: xx-large; color: #f4aeb7;\"><span color=\"#ee8190\"><span style=\"caret-color: #ee8190;\">\u00bfTienes alguna duda, sugerencia o comentario?<\/span><\/span><\/span><\/h3>\n<\/div>\n<p>[\/et_pb_text][et_pb_text _builder_version=\u00bb4.16&#8243; text_font=\u00bbMuli|700||on|||||\u00bb text_text_color=\u00bb#848484&#8243; text_font_size=\u00bb12px\u00bb text_letter_spacing=\u00bb4px\u00bb text_line_height=\u00bb2em\u00bb header_font=\u00bb||||||||\u00bb header_6_font=\u00bbMontserrat||||||||\u00bb header_6_letter_spacing=\u00bb0.5vw\u00bb header_6_line_height=\u00bb2em\u00bb text_orientation=\u00bbcenter\u00bb max_width_tablet=\u00bb70%\u00bb max_width_last_edited=\u00bboff|phone\u00bb custom_margin=\u00bb||||false|false\u00bb custom_padding=\u00bb0px||0px||true|false\u00bb animation_style=\u00bbzoom\u00bb animation_intensity_zoom=\u00bb5%\u00bb border_color_all=\u00bbrgba(51,51,51,0.11)\u00bb border_width_top=\u00bb0px\u00bb border_width_bottom=\u00bb0px\u00bb locked=\u00bboff\u00bb global_colors_info=\u00bb{}\u00bb box_shadow_vertical__hover_enabled=\u00bbon\u00bb border_width_bottom__hover=\u00bb1px\u00bb]<\/p>\n<p>\u00a1Escr\u00edbenos!<\/p>\n<p>[\/et_pb_text][et_pb_contact_form captcha=\u00bboff\u00bb _builder_version=\u00bb4.16&#8243; _unique_id=\u00bb0e388d4c-7971-456b-bb0a-49ee4de18d80&#8243; title_font=\u00bb||||||||\u00bb form_field_font=\u00bbMuli|600||on|||||\u00bb form_field_text_align=\u00bbleft\u00bb form_field_font_size=\u00bb12px\u00bb form_field_letter_spacing=\u00bb4px\u00bb form_field_line_height=\u00bb2em\u00bb custom_button=\u00bbon\u00bb button_text_size=\u00bb12px\u00bb button_text_color=\u00bb#ffffff\u00bb button_bg_color=\u00bb#f4aeb7&#8243; button_border_width=\u00bb15px\u00bb button_border_color=\u00bbrgba(0,0,0,0)\u00bb button_border_radius=\u00bb0px\u00bb button_letter_spacing=\u00bb4px\u00bb button_font=\u00bbMuli|600||on|||||\u00bb button_custom_margin=\u00bb||||false|false\u00bb button_custom_padding=\u00bb|50px||50px|false|false\u00bb global_colors_info=\u00bb{}\u00bb][et_pb_contact_field field_id=\u00bbNombre\u00bb field_title=\u00bbNombre\u00bb _builder_version=\u00bb4.16&#8243; global_colors_info=\u00bb{}\u00bb button_text_size__hover_enabled=\u00bboff\u00bb button_one_text_size__hover_enabled=\u00bboff\u00bb button_two_text_size__hover_enabled=\u00bboff\u00bb button_text_color__hover_enabled=\u00bboff\u00bb button_one_text_color__hover_enabled=\u00bboff\u00bb button_two_text_color__hover_enabled=\u00bboff\u00bb button_border_width__hover_enabled=\u00bboff\u00bb button_one_border_width__hover_enabled=\u00bboff\u00bb button_two_border_width__hover_enabled=\u00bboff\u00bb button_border_color__hover_enabled=\u00bboff\u00bb button_one_border_color__hover_enabled=\u00bboff\u00bb button_two_border_color__hover_enabled=\u00bboff\u00bb button_border_radius__hover_enabled=\u00bboff\u00bb button_one_border_radius__hover_enabled=\u00bboff\u00bb button_two_border_radius__hover_enabled=\u00bboff\u00bb button_letter_spacing__hover_enabled=\u00bboff\u00bb button_one_letter_spacing__hover_enabled=\u00bboff\u00bb button_two_letter_spacing__hover_enabled=\u00bboff\u00bb button_bg_color__hover_enabled=\u00bboff\u00bb button_one_bg_color__hover_enabled=\u00bboff\u00bb button_two_bg_color__hover_enabled=\u00bboff\u00bb][\/et_pb_contact_field][et_pb_contact_field field_id=\u00bbCorreo\u00bb field_title=\u00bbCorreo Electr\u00f3nico\u00bb field_type=\u00bbemail\u00bb _builder_version=\u00bb4.16&#8243; global_colors_info=\u00bb{}\u00bb button_text_size__hover_enabled=\u00bboff\u00bb button_one_text_size__hover_enabled=\u00bboff\u00bb button_two_text_size__hover_enabled=\u00bboff\u00bb button_text_color__hover_enabled=\u00bboff\u00bb button_one_text_color__hover_enabled=\u00bboff\u00bb button_two_text_color__hover_enabled=\u00bboff\u00bb button_border_width__hover_enabled=\u00bboff\u00bb button_one_border_width__hover_enabled=\u00bboff\u00bb button_two_border_width__hover_enabled=\u00bboff\u00bb button_border_color__hover_enabled=\u00bboff\u00bb button_one_border_color__hover_enabled=\u00bboff\u00bb button_two_border_color__hover_enabled=\u00bboff\u00bb button_border_radius__hover_enabled=\u00bboff\u00bb button_one_border_radius__hover_enabled=\u00bboff\u00bb button_two_border_radius__hover_enabled=\u00bboff\u00bb button_letter_spacing__hover_enabled=\u00bboff\u00bb button_one_letter_spacing__hover_enabled=\u00bboff\u00bb button_two_letter_spacing__hover_enabled=\u00bboff\u00bb button_bg_color__hover_enabled=\u00bboff\u00bb button_one_bg_color__hover_enabled=\u00bboff\u00bb button_two_bg_color__hover_enabled=\u00bboff\u00bb][\/et_pb_contact_field][et_pb_contact_field field_id=\u00bbMensaje\u00bb field_title=\u00bbMensaje\u00bb field_type=\u00bbtext\u00bb fullwidth_field=\u00bbon\u00bb _builder_version=\u00bb4.16&#8243; global_colors_info=\u00bb{}\u00bb button_text_size__hover_enabled=\u00bboff\u00bb button_one_text_size__hover_enabled=\u00bboff\u00bb button_two_text_size__hover_enabled=\u00bboff\u00bb button_text_color__hover_enabled=\u00bboff\u00bb button_one_text_color__hover_enabled=\u00bboff\u00bb button_two_text_color__hover_enabled=\u00bboff\u00bb button_border_width__hover_enabled=\u00bboff\u00bb button_one_border_width__hover_enabled=\u00bboff\u00bb button_two_border_width__hover_enabled=\u00bboff\u00bb button_border_color__hover_enabled=\u00bboff\u00bb button_one_border_color__hover_enabled=\u00bboff\u00bb button_two_border_color__hover_enabled=\u00bboff\u00bb button_border_radius__hover_enabled=\u00bboff\u00bb button_one_border_radius__hover_enabled=\u00bboff\u00bb button_two_border_radius__hover_enabled=\u00bboff\u00bb button_letter_spacing__hover_enabled=\u00bboff\u00bb button_one_letter_spacing__hover_enabled=\u00bboff\u00bb button_two_letter_spacing__hover_enabled=\u00bboff\u00bb button_bg_color__hover_enabled=\u00bboff\u00bb button_one_bg_color__hover_enabled=\u00bboff\u00bb button_two_bg_color__hover_enabled=\u00bboff\u00bb][\/et_pb_contact_field][\/et_pb_contact_form][\/et_pb_column][\/et_pb_row][et_pb_row _builder_version=\u00bb4.16&#8243; _module_preset=\u00bbdefault\u00bb global_colors_info=\u00bb{}\u00bb][et_pb_column type=\u00bb4_4&#8243; _builder_version=\u00bb4.16&#8243; _module_preset=\u00bbdefault\u00bb global_colors_info=\u00bb{}\u00bb][\/et_pb_column][\/et_pb_row][\/et_pb_section]<\/p>\n","protected":false},"excerpt":{"rendered":"<p>Bono de Regalo Online [yith_wcwl_add_to_wishlist]Descripci\u00f3nSorprende a esa persona especial con un bono online por el valor que t\u00fa desees apartir de $50.000. Nosotros se lo haremos llegar por Mail a esa persona. Es redimible \u00fanicamente en cualquiera de nuestros productos o servicios. Cualquier inquietud pueden escribir correo info@zoebeautystore.com &nbsp; &nbsp;Importante1. Su redenci\u00f3n es \u00fanicamente online [&hellip;]<\/p>\n","protected":false},"author":1,"featured_media":0,"parent":0,"menu_order":0,"comment_status":"closed","ping_status":"closed","template":"","meta":{"_et_pb_use_builder":"on","_et_pb_old_content":"","_et_gb_content_width":"","footnotes":""},"class_list":["post-2208","page","type-page","status-publish","hentry"],"_links":{"self":[{"href":"https:\/\/zoeandzoe.com\/col\/wp-json\/wp\/v2\/pages\/2208","targetHints":{"allow":["GET"]}}],"collection":[{"href":"https:\/\/zoeandzoe.com\/col\/wp-json\/wp\/v2\/pages"}],"about":[{"href":"https:\/\/zoeandzoe.com\/col\/wp-json\/wp\/v2\/types\/page"}],"author":[{"embeddable":true,"href":"https:\/\/zoeandzoe.com\/col\/wp-json\/wp\/v2\/users\/1"}],"replies":[{"embeddable":true,"href":"https:\/\/zoeandzoe.com\/col\/wp-json\/wp\/v2\/comments?post=2208"}],"version-history":[{"count":19,"href":"https:\/\/zoeandzoe.com\/col\/wp-json\/wp\/v2\/pages\/2208\/revisions"}],"predecessor-version":[{"id":3099,"href":"https:\/\/zoeandzoe.com\/col\/wp-json\/wp\/v2\/pages\/2208\/revisions\/3099"}],"wp:attachment":[{"href":"https:\/\/zoeandzoe.com\/col\/wp-json\/wp\/v2\/media?parent=2208"}],"curies":[{"name":"wp","href":"https:\/\/api.w.org\/{rel}","templated":true}]}}