{"id":2017,"date":"2020-11-12T19:40:17","date_gmt":"2020-11-13T00:40:17","guid":{"rendered":"https:\/\/zoeandzoe.com\/col\/?page_id=2017"},"modified":"2020-11-13T02:35:48","modified_gmt":"2020-11-13T07:35:48","slug":"terminos-y-condiciones","status":"publish","type":"page","link":"https:\/\/zoeandzoe.com\/col\/terminos-y-condiciones\/","title":{"rendered":"TERMINOS Y CONDICIONES"},"content":{"rendered":"<p>[et_pb_section fb_built=\u00bb1&#8243; _builder_version=\u00bb4.6.6&#8243; _module_preset=\u00bbdefault\u00bb min_height=\u00bb429px\u00bb custom_margin=\u00bb0px||0px||false|false\u00bb custom_padding=\u00bb0px||||false|false\u00bb][et_pb_row _builder_version=\u00bb4.6.6&#8243; _module_preset=\u00bbdefault\u00bb][et_pb_column type=\u00bb4_4&#8243; _builder_version=\u00bb4.6.6&#8243; _module_preset=\u00bbdefault\u00bb][et_pb_text _builder_version=\u00bb4.6.6&#8243; _module_preset=\u00bbdefault\u00bb text_font=\u00bb|700|||||||\u00bb text_text_color=\u00bb#f4aeb7&#8243; header_font=\u00bb|700|||||||\u00bb header_text_color=\u00bb#f4aeb7&#8243; header_3_text_color=\u00bb#f4aeb7&#8243; header_3_font_size=\u00bb23px\u00bb header_3_line_height=\u00bb1.3em\u00bb custom_margin=\u00bb||50px||false|false\u00bb header_text_color_tablet=\u00bb\u00bb header_text_color_phone=\u00bb\u00bb header_text_color_last_edited=\u00bbon|desktop\u00bb]<\/p>\n<div class=\"heading  header-subheader align-center color-black subcolor-main transform-default theme-icon-second icon-type-default   vc_custom_1587150049493 heading-tag-h3\" id=\"like_sc_header_477213886\">\n<h3 class=\"header ltx-sr-id-like_sc_header_477213886487915941 ltx-sr ltx-sr-effect-fade_in ltx-sr-el-block ltx-sr-delay-0 ltx-sr-duration-1000 ltx-sr-sequences-0\" data-sr-id=\"3\" style=\"text-align: center;\"><span style=\"font-size: x-large; color: #f4aeb7; font-family: inherit; font-weight: normal;\"><span color=\"#ee8190\"><span style=\"caret-color: #ee8190;\">T\u00c9RMINOS Y CONDICIONES<\/span><\/span><\/span><\/h3>\n<\/div>\n<p>[\/et_pb_text][et_pb_text _builder_version=\u00bb4.6.6&#8243; _module_preset=\u00bbdefault\u00bb]<\/p>\n<p>ZOE BEAUTY STORE., incluyendo las subsidiarias y afiliadas (\u00abSitio Web\u00bb o \u00abPropietario del Sitio Web\u00bb o \u00abnosotros\u00bb o \u00abnuestro\u00bb) proporciona la informaci\u00f3n contenida en este sitio web o cualquiera de las p\u00e1ginas que comprende el sitio web (\u00absitio web\u00bb) para los visitantes (\u00abvisitantes\u00bb) (que en adelante se nombrar\u00e1 como \u00abusted\u00bb o \u00absu\u00bb m\u00e1s abajo) sujetos a los t\u00e9rminos y condiciones establecidos para este sitio web.<\/p>\n<p>Usted al ingresar a este sitio acepta expresamente e incondicionalmente los T\u00e9rminos y Condiciones de Uso del sitio web, las pol\u00edticas, las reglas y todas las disposiciones referentes a la exenci\u00f3n de responsabilidad y dem\u00e1s que se establecen en la p\u00e1gina web. Al ingresar, usted acepta que el uso del sitio web se efect\u00faa bajo su responsabilidad y que ha entendido y ha le\u00eddo los T\u00e9rminos y Condiciones de Uso. As\u00ed mismo, en aquellos casos en los que se solicita informaci\u00f3n personal al Usuario conforme se establece en el sitio web, como es el caso de registrarse como usuario y obtener cuenta, como tambi\u00e9n en los casos en que se solicite para efectuar operaciones y transacciones, el Usuario se obliga a entregar informaci\u00f3n verdadera y en dado caso, actualizar sus datos.ZOE BEAUTY STORE no se har\u00e1 responsable por la informaci\u00f3n incorrecta o fraudulenta que el usuario ingrese en el sitio web.<\/p>\n<p>Es responsabilidad del Usuario el uso y manejo de tarjetas d\u00e9bito y cr\u00e9dito y claves personales, la p\u00e9rdida o robo deben ser reportadas a las entidades con las que maneja dichas tarjetas y a las autoridades pertinentes, las operaciones que se efect\u00faen desde su cuenta ser\u00e1n plenamente v\u00e1lidas y ZOE BEAUTY STORE no se hace responsable por las transacciones que se efect\u00faen con sus tarjetas de cr\u00e9dito y d\u00e9bito que hayan sido robadas o p\u00e9rdidas y de hacerse transacciones con est\u00e1s, se tendr\u00e1n como v\u00e1lidas.<\/p>\n<p>\u00abTodas las transacciones que se efect\u00faen en la p\u00e1gina WEB est\u00e1n sujetas a verificaci\u00f3n y confirmaci\u00f3n por parte de ZOE BEAUTY STORE, de la entidad bancaria respectiva y\/o del medio de pago escogido y en consecuencia, las ventas que se efect\u00faen a trav\u00e9s de la p\u00e1gina WEB est\u00e1n supeditadas a la verificaci\u00f3n por parte de ZOE BEAUTY STORE, de la entidad bancaria correspondiente y\/o del medio de pago escogido. En caso de fraudes o posibles fraudes, si ZOE BEAUTY STORE, la entidad bancaria respectiva o el medio de pago detecta o considera que la transacci\u00f3n es sospechosa o presenta inconsistencias o cualquier otra situaci\u00f3n que a criterio de \u00e9stas se derive en un posible fraude, la transacci\u00f3n se revertir\u00e1 y en consecuencia no se perfeccionar\u00e1 el contrato de venta entre el USUARIO y ZOE BEAUTY STORE. Por lo anterior, EL USUARIO autoriza a ZOE BEAUTY STORE, a la entidad bancaria o al medio de pago escogido para la transacci\u00f3n, a efectuar la reversi\u00f3n de la misma en cualquier evento de no confirmarse la transacci\u00f3n.\u00bb<\/p>\n<p>&nbsp;<\/p>\n<p>ZOE BEAUTY STORE. no es responsable de cualquier material enviado a las \u00e1reas p\u00fablicas por usted, que incluyen los tablones de anuncios, p\u00e1ginas alojadas, salas de chat, cualquier otra \u00e1rea p\u00fablica que se encuentran en el sitio web o c<span style=\"font-size: 14px;\">ualquier material (ya sea presentado por usted o por cualquier otro usuario) no es revisado o aprobado por ZOE BEAUTY STORE.<\/span><\/p>\n<p>ZOE BEAUTY STORE. se reserva el derecho a eliminar cualquier material presentado o publicado por usted en las \u00e1reas p\u00fablicas, sin previo aviso en cualquier tiempo y sin requerir causa alguna y en especial, si se da cuenta y determina, en su discreci\u00f3n \u00fanica y absoluta que usted est\u00e9 realizando alguna de las siguientes actividades prohibidas.<\/p>\n<ul>\n<li>Difamar, abusar, acosar, acechar, amenazar o violar los derechos de otros usuarios o de terceros;<\/li>\n<li>Publicar, anunciar, distribuir o difundir cualquier material difamatorio, obsceno, indecente o il\u00edcito;<\/li>\n<li>Enviar o cargar archivos que contengan virus, archivos corruptos o cualquier otro software o programas que puedan da\u00f1ar el funcionamiento del Sitio Web y \/ o el sistema inform\u00e1tico de un tercero;<\/li>\n<li>Violar los derechos de autor, marcas registradas y otros aplicables a Colombia o a las leyes internacionales de derechos de propiedad intelectual;<\/li>\n<li>ZOE BEAUTY STORE. lo estime conveniente.<\/li>\n<\/ul>\n<div><span>Adem\u00e1s, usted se compromete a no utilizar el sitio web para enviar o publicar cualquier mensaje o material que sea ilegal, acosador, difamatorio, abusivo, indecente, amenazante, perjudicial, vulgar, obsceno, sexual, racista, profano, pornogr\u00e1fico o que viole cualquier ley. Usted indemnizar\u00e1 a ZOE BEAUTY STORE. frente a cualquier p\u00e9rdida, responsabilidad, da\u00f1os o gastos de cualquier naturaleza que ZOE BEAUTY STORE. o de cualquier tercero pueda sufrir, por causas atribuibles ya sea directa o indirectamente por el uso del sitio web para enviar o publicar cualquier mensaje o material.<\/span><\/div>\n<div><span color=\"#808080\"><span>\u00a0<\/span><\/span><\/div>\n<div>\n<p>USO\u00a0ESPEC\u00cdFICO: ZOE BEAUTY STORE. no se hace responsable y se exime de toda responsabilidad por cualquier p\u00e9rdida, da\u00f1os (ya sean directos, indirectos o consecuentes), lesiones personales o gastos de cualquier naturaleza que pueda sufrir por usted o por terceros, como consecuencia que puede ser atribuible, directa o indirectamente, a su acceso y uso del sitio web, a la informaci\u00f3n contenida en el sitio web o al mal funcionamiento del sitio web por cualquier causa.<\/p>\n<p>RESPONSABILIDAD: Los pagos que se realicen con tarjeta de cr\u00e9dito est\u00e1n sujetos a aprobaci\u00f3n por parte de la entidad emisora y al cumplimiento de los par\u00e1metros de seguridad de la transacci\u00f3n definidos por la pasarela de pagos de la entidad respectiva. ZOE BEAUTY STORE. se reserva la facultad de rechazar la transacci\u00f3n cuando esta no sea aprobada por la entidad emisora de la tarjeta de cr\u00e9dito y\/o no cumpla con los par\u00e1metros de seguridad y prevenci\u00f3n de fraudes definidos por la pasarela de pagos que se encuentra en la p\u00e1gina web.<\/p>\n<p><span color=\"#808080\" style=\"color: #808080;\"><span>ZOE BEAUTY STORE\u00a0<\/span><\/span><span>podr\u00e1 en cualquier momento y sin necesidad de previo aviso, modificar los t\u00e9rminos y condiciones, pol\u00edticas o avisos, contenidos, informaci\u00f3n, configuraci\u00f3n, servicios, productos, cantidades, entre otros. Usted reconoce que al visitar el sitio web de vez en cuando, quedar\u00e1 obligado a la versi\u00f3n actual de los t\u00e9rminos y condiciones (la \u00abversi\u00f3n actual\u00bb) y, salvo que se indique en la versi\u00f3n actual, todas las versiones anteriores ser\u00e1n sustituidas por el la versi\u00f3n actual. Usted ser\u00e1 responsable de revisar la versi\u00f3n actual cada vez que visite el sitio web.<\/span><\/p>\n<\/div>\n<p>[\/et_pb_text][\/et_pb_column][\/et_pb_row][\/et_pb_section][et_pb_section fb_built=\u00bb1&#8243; admin_label=\u00bbContact Form\u00bb _builder_version=\u00bb4.6.6&#8243; background_color=\u00bb#FFFFFF\u00bb background_enable_image=\u00bboff\u00bb background_size=\u00bbinitial\u00bb min_height=\u00bb616px\u00bb custom_margin=\u00bb||||false|false\u00bb custom_padding=\u00bb|||3px|false|false\u00bb][et_pb_row _builder_version=\u00bb3.25&#8243;][et_pb_column type=\u00bb4_4&#8243; _builder_version=\u00bb3.25&#8243; custom_padding=\u00bb|||\u00bb custom_padding__hover=\u00bb|||\u00bb][et_pb_text _builder_version=\u00bb4.6.6&#8243; _module_preset=\u00bbdefault\u00bb text_font=\u00bb|700|||||||\u00bb text_text_color=\u00bb#f4aeb7&#8243; header_font=\u00bb|700|||||||\u00bb header_text_color=\u00bb#f4aeb7&#8243; header_3_line_height=\u00bb1.3em\u00bb custom_margin=\u00bb10px||6px||false|false\u00bb header_text_color_tablet=\u00bb\u00bb header_text_color_phone=\u00bb\u00bb header_text_color_last_edited=\u00bbon|desktop\u00bb]<\/p>\n<div class=\"heading  header-subheader align-center color-black subcolor-main transform-default theme-icon-second icon-type-default   vc_custom_1587150049493 heading-tag-h3\" id=\"like_sc_header_477213886\">\n<h3 class=\"header ltx-sr-id-like_sc_header_477213886487915941 ltx-sr ltx-sr-effect-fade_in ltx-sr-el-block ltx-sr-delay-0 ltx-sr-duration-1000 ltx-sr-sequences-0\" data-sr-id=\"3\" style=\"text-align: center;\"><span style=\"font-size: xx-large; color: #f4aeb7;\"><span color=\"#ee8190\"><span style=\"caret-color: #ee8190;\">CONTACTO<\/span><\/span><\/span><\/h3>\n<\/div>\n<p>[\/et_pb_text][et_pb_text _builder_version=\u00bb4.6.6&#8243; text_font=\u00bbMuli|700||on|||||\u00bb text_text_color=\u00bb#848484&#8243; text_font_size=\u00bb12px\u00bb text_letter_spacing=\u00bb4px\u00bb text_line_height=\u00bb2em\u00bb header_font=\u00bb||||||||\u00bb header_6_font=\u00bbMontserrat||||||||\u00bb header_6_letter_spacing=\u00bb0.5vw\u00bb header_6_line_height=\u00bb2em\u00bb text_orientation=\u00bbcenter\u00bb max_width_tablet=\u00bb70%\u00bb max_width_last_edited=\u00bboff|phone\u00bb custom_margin=\u00bb||||false|false\u00bb custom_padding=\u00bb0px||0px||true|false\u00bb animation_style=\u00bbzoom\u00bb animation_intensity_zoom=\u00bb5%\u00bb border_color_all=\u00bbrgba(51,51,51,0.11)\u00bb border_width_top=\u00bb0px\u00bb border_width_bottom=\u00bb0px\u00bb locked=\u00bboff\u00bb box_shadow_vertical__hover_enabled=\u00bbon\u00bb border_width_bottom__hover=\u00bb1px\u00bb]\u00bfTienes alguna duda, sugerencia o comentario? \u00a1Escr\u00edbenos![\/et_pb_text][et_pb_contact_form captcha=\u00bboff\u00bb email=\u00bbinfo@zoe.com\u00bb success_message=\u00bb\u00a1Solicitud enviada con \u00e9xito!\u00bb submit_button_text=\u00bbENVIAR\u00bb _builder_version=\u00bb4.6.5&#8243; title_font=\u00bb||||||||\u00bb form_field_font=\u00bbMuli|600||on|||||\u00bb form_field_text_align=\u00bbleft\u00bb form_field_font_size=\u00bb12px\u00bb form_field_letter_spacing=\u00bb4px\u00bb form_field_line_height=\u00bb2em\u00bb custom_button=\u00bbon\u00bb button_text_size=\u00bb15px\u00bb button_text_color=\u00bb#ffffff\u00bb button_bg_color=\u00bb#f4aeb7&#8243; button_border_width=\u00bb10px\u00bb button_border_color=\u00bbrgba(0,0,0,0)\u00bb button_border_radius=\u00bb0px\u00bb button_letter_spacing=\u00bb2px\u00bb button_font=\u00bbMuli|600||on|||||\u00bb button_custom_margin=\u00bb||||false|false\u00bb button_custom_padding=\u00bb|50px||50px|false|false\u00bb button_letter_spacing__hover_enabled=\u00bbon|desktop\u00bb button_letter_spacing__hover=\u00bb5px\u00bb][et_pb_contact_field field_id=\u00bbNombre\u00bb field_title=\u00bbNombre\u00bb _builder_version=\u00bb4.4.8&#8243; button_text_size__hover_enabled=\u00bboff\u00bb button_one_text_size__hover_enabled=\u00bboff\u00bb button_two_text_size__hover_enabled=\u00bboff\u00bb button_text_color__hover_enabled=\u00bboff\u00bb button_one_text_color__hover_enabled=\u00bboff\u00bb button_two_text_color__hover_enabled=\u00bboff\u00bb button_border_width__hover_enabled=\u00bboff\u00bb button_one_border_width__hover_enabled=\u00bboff\u00bb button_two_border_width__hover_enabled=\u00bboff\u00bb button_border_color__hover_enabled=\u00bboff\u00bb button_one_border_color__hover_enabled=\u00bboff\u00bb button_two_border_color__hover_enabled=\u00bboff\u00bb button_border_radius__hover_enabled=\u00bboff\u00bb button_one_border_radius__hover_enabled=\u00bboff\u00bb button_two_border_radius__hover_enabled=\u00bboff\u00bb button_letter_spacing__hover_enabled=\u00bboff\u00bb button_one_letter_spacing__hover_enabled=\u00bboff\u00bb button_two_letter_spacing__hover_enabled=\u00bboff\u00bb button_bg_color__hover_enabled=\u00bboff\u00bb button_one_bg_color__hover_enabled=\u00bboff\u00bb button_two_bg_color__hover_enabled=\u00bboff\u00bb][\/et_pb_contact_field][et_pb_contact_field field_id=\u00bbCorreo\u00bb field_title=\u00bbCorreo Electr\u00f3nico\u00bb field_type=\u00bbemail\u00bb _builder_version=\u00bb4.4.8&#8243; button_text_size__hover_enabled=\u00bboff\u00bb button_one_text_size__hover_enabled=\u00bboff\u00bb button_two_text_size__hover_enabled=\u00bboff\u00bb button_text_color__hover_enabled=\u00bboff\u00bb button_one_text_color__hover_enabled=\u00bboff\u00bb button_two_text_color__hover_enabled=\u00bboff\u00bb button_border_width__hover_enabled=\u00bboff\u00bb button_one_border_width__hover_enabled=\u00bboff\u00bb button_two_border_width__hover_enabled=\u00bboff\u00bb button_border_color__hover_enabled=\u00bboff\u00bb button_one_border_color__hover_enabled=\u00bboff\u00bb button_two_border_color__hover_enabled=\u00bboff\u00bb button_border_radius__hover_enabled=\u00bboff\u00bb button_one_border_radius__hover_enabled=\u00bboff\u00bb button_two_border_radius__hover_enabled=\u00bboff\u00bb button_letter_spacing__hover_enabled=\u00bboff\u00bb button_one_letter_spacing__hover_enabled=\u00bboff\u00bb button_two_letter_spacing__hover_enabled=\u00bboff\u00bb button_bg_color__hover_enabled=\u00bboff\u00bb button_one_bg_color__hover_enabled=\u00bboff\u00bb button_two_bg_color__hover_enabled=\u00bboff\u00bb][\/et_pb_contact_field][et_pb_contact_field field_id=\u00bbMensaje\u00bb field_title=\u00bbMensaje\u00bb field_type=\u00bbtext\u00bb fullwidth_field=\u00bbon\u00bb _builder_version=\u00bb4.4.8&#8243; button_text_size__hover_enabled=\u00bboff\u00bb button_one_text_size__hover_enabled=\u00bboff\u00bb button_two_text_size__hover_enabled=\u00bboff\u00bb button_text_color__hover_enabled=\u00bboff\u00bb button_one_text_color__hover_enabled=\u00bboff\u00bb button_two_text_color__hover_enabled=\u00bboff\u00bb button_border_width__hover_enabled=\u00bboff\u00bb button_one_border_width__hover_enabled=\u00bboff\u00bb button_two_border_width__hover_enabled=\u00bboff\u00bb button_border_color__hover_enabled=\u00bboff\u00bb button_one_border_color__hover_enabled=\u00bboff\u00bb button_two_border_color__hover_enabled=\u00bboff\u00bb button_border_radius__hover_enabled=\u00bboff\u00bb button_one_border_radius__hover_enabled=\u00bboff\u00bb button_two_border_radius__hover_enabled=\u00bboff\u00bb button_letter_spacing__hover_enabled=\u00bboff\u00bb button_one_letter_spacing__hover_enabled=\u00bboff\u00bb button_two_letter_spacing__hover_enabled=\u00bboff\u00bb button_bg_color__hover_enabled=\u00bboff\u00bb button_one_bg_color__hover_enabled=\u00bboff\u00bb button_two_bg_color__hover_enabled=\u00bboff\u00bb][\/et_pb_contact_field][\/et_pb_contact_form][\/et_pb_column][\/et_pb_row][\/et_pb_section]<\/p>\n","protected":false},"excerpt":{"rendered":"<p>T\u00c9RMINOS Y CONDICIONES ZOE BEAUTY STORE., incluyendo las subsidiarias y afiliadas (\u00abSitio Web\u00bb o \u00abPropietario del Sitio Web\u00bb o \u00abnosotros\u00bb o \u00abnuestro\u00bb) proporciona la informaci\u00f3n contenida en este sitio web o cualquiera de las p\u00e1ginas que comprende el sitio web (\u00absitio web\u00bb) para los visitantes (\u00abvisitantes\u00bb) (que en adelante se nombrar\u00e1 como \u00abusted\u00bb o \u00absu\u00bb [&hellip;]<\/p>\n","protected":false},"author":1,"featured_media":0,"parent":0,"menu_order":0,"comment_status":"closed","ping_status":"closed","template":"","meta":{"_et_pb_use_builder":"on","_et_pb_old_content":"","_et_gb_content_width":"","footnotes":""},"class_list":["post-2017","page","type-page","status-publish","hentry"],"_links":{"self":[{"href":"https:\/\/zoeandzoe.com\/col\/wp-json\/wp\/v2\/pages\/2017","targetHints":{"allow":["GET"]}}],"collection":[{"href":"https:\/\/zoeandzoe.com\/col\/wp-json\/wp\/v2\/pages"}],"about":[{"href":"https:\/\/zoeandzoe.com\/col\/wp-json\/wp\/v2\/types\/page"}],"author":[{"embeddable":true,"href":"https:\/\/zoeandzoe.com\/col\/wp-json\/wp\/v2\/users\/1"}],"replies":[{"embeddable":true,"href":"https:\/\/zoeandzoe.com\/col\/wp-json\/wp\/v2\/comments?post=2017"}],"version-history":[{"count":7,"href":"https:\/\/zoeandzoe.com\/col\/wp-json\/wp\/v2\/pages\/2017\/revisions"}],"predecessor-version":[{"id":2030,"href":"https:\/\/zoeandzoe.com\/col\/wp-json\/wp\/v2\/pages\/2017\/revisions\/2030"}],"wp:attachment":[{"href":"https:\/\/zoeandzoe.com\/col\/wp-json\/wp\/v2\/media?parent=2017"}],"curies":[{"name":"wp","href":"https:\/\/api.w.org\/{rel}","templated":true}]}}