{"id":2004,"date":"2020-11-12T19:25:42","date_gmt":"2020-11-13T00:25:42","guid":{"rendered":"https:\/\/zoeandzoe.com\/col\/?page_id=2004"},"modified":"2020-11-12T19:29:42","modified_gmt":"2020-11-13T00:29:42","slug":"sobre-zoe","status":"publish","type":"page","link":"https:\/\/zoeandzoe.com\/col\/sobre-zoe\/","title":{"rendered":"SOBRE ZOE"},"content":{"rendered":"<p>[et_pb_section fb_built=\u00bb1&#8243; _builder_version=\u00bb4.6.6&#8243; _module_preset=\u00bbdefault\u00bb min_height=\u00bb533px\u00bb custom_margin=\u00bb0px||0px||false|false\u00bb custom_padding=\u00bb0px||||false|false\u00bb][et_pb_row _builder_version=\u00bb4.6.5&#8243; _module_preset=\u00bbdefault\u00bb custom_margin=\u00bb|auto|-70px|auto||\u00bb][et_pb_column type=\u00bb4_4&#8243; _builder_version=\u00bb4.6.5&#8243; _module_preset=\u00bbdefault\u00bb][\/et_pb_column][\/et_pb_row][et_pb_row column_structure=\u00bb1_2,1_2&#8243; _builder_version=\u00bb4.6.6&#8243; _module_preset=\u00bbdefault\u00bb custom_margin=\u00bb|auto|-25px|auto||\u00bb][et_pb_column type=\u00bb1_2&#8243; _builder_version=\u00bb4.6.6&#8243; _module_preset=\u00bbdefault\u00bb][et_pb_image src=\u00bbhttps:\/\/zoeandzoe.com\/col\/wp-content\/uploads\/2020\/11\/B10A6197-3-scaled.jpg\u00bb title_text=\u00bbB10A6197 (3)\u00bb _builder_version=\u00bb4.6.6&#8243; _module_preset=\u00bbdefault\u00bb][\/et_pb_image][\/et_pb_column][et_pb_column type=\u00bb1_2&#8243; _builder_version=\u00bb4.6.6&#8243; _module_preset=\u00bbdefault\u00bb][et_pb_text _builder_version=\u00bb4.6.6&#8243; _module_preset=\u00bbdefault\u00bb text_font=\u00bb|700|||||||\u00bb text_text_color=\u00bb#f4aeb7&#8243; header_font=\u00bb|700|||||||\u00bb header_text_color=\u00bb#f4aeb7&#8243; header_3_font_size=\u00bb23px\u00bb header_3_line_height=\u00bb1.3em\u00bb custom_margin=\u00bb||10px||false|false\u00bb header_text_color_tablet=\u00bb\u00bb header_text_color_phone=\u00bb\u00bb header_text_color_last_edited=\u00bbon|desktop\u00bb]<\/p>\n<div class=\"heading  header-subheader align-center color-black subcolor-main transform-default theme-icon-second icon-type-default   vc_custom_1587150049493 heading-tag-h3\" id=\"like_sc_header_477213886\">\n<h3 class=\"header ltx-sr-id-like_sc_header_477213886487915941 ltx-sr ltx-sr-effect-fade_in ltx-sr-el-block ltx-sr-delay-0 ltx-sr-duration-1000 ltx-sr-sequences-0\" data-sr-id=\"3\" style=\"text-align: center;\"><span style=\"font-size: x-large; color: #f4aeb7; font-family: inherit; font-weight: normal;\"><span color=\"#ee8190\"><span style=\"caret-color: #ee8190;\">\u00bfQUI\u00c9N ES ZOE?<\/span><\/span><\/span><\/h3>\n<\/div>\n<p>[\/et_pb_text][et_pb_text _builder_version=\u00bb4.6.6&#8243; _module_preset=\u00bbdefault\u00bb]<\/p>\n<p style=\"text-align: justify;\">Soy una apasionada por la belleza.\u00a0Profesional en Administraci\u00f3n, Cosmet\u00f3loga, asesora de imagen y Maquilladora Profesional con m\u00e1s de10 a\u00f1os de experiencia en el mundo de la belleza.\u00a0<span style=\"font-size: 14px;\">Cuento con t\u00edtulos internacionales de perfeccionamiento en maquillaje Brasilero y Europeo, experta en preparaci\u00f3n de piel.<\/span><\/p>\n<p style=\"text-align: justify;\">Especialista en styling de novias.\u00a0Fui presentadora de televisi\u00f3n y modelo por un tiempo, creadora de ZOE Sal\u00f3n Spa Boutique en Colombia. Un concepto \u00fanico que re\u00fane todos los servicios de belleza en un mismo lugar.<\/p>\n<p style=\"text-align: justify;\">Organizadora y pionera de los eventos \u201cTardes de Novia\u201d by Zoe en Valledupar.\u00a0<span style=\"font-size: 14px;\">Realizo giras a nivel nacional capacitando en talleres de automaquillaje, curso profesional y asesor\u00eda de imagen, la cual tiene como nombre Makeup Tour Zoe. Visitando m\u00e1s de 9 ciudades.<\/span><\/p>\n<p style=\"text-align: justify;\">\n<p>[\/et_pb_text][\/et_pb_column][\/et_pb_row][et_pb_row _builder_version=\u00bb4.6.6&#8243; _module_preset=\u00bbdefault\u00bb][et_pb_column type=\u00bb4_4&#8243; _builder_version=\u00bb4.6.6&#8243; _module_preset=\u00bbdefault\u00bb][et_pb_text _builder_version=\u00bb4.6.6&#8243; _module_preset=\u00bbdefault\u00bb]<\/p>\n<p style=\"text-align: justify;\"><span lang=\"ES\">Con mi arte he llegado a varios pa\u00edses como: Panam\u00e1, El Salvador, New York,M\u00e9xico y Colombia.<\/span><span>Mi trabajo se ha visto exaltado en revistas nacionales e internacionales como Kodd <\/span>Magazin<span> de la ciudad de <\/span>Paris<span>-Francia.<\/span><\/p>\n<p style=\"text-align: justify;\"><span lang=\"ES\">He maquillado en el selecto grupo de maquilladores para dise\u00f1adores exclusivos para pasarelas importantes como el Fashion Week\u00a0 en New York.<\/span><span>Adem\u00e1s de esto, cuento con una amplia experiencia maquillando a muchos artistas musicales, actores y modelos\u00a0 reconocidos.<\/span><\/p>\n<div>Zoe Beauty Store nace hace 6 a\u00f1os por la falta en mi ciudad de acceso a maquillaje importado, teniendo la oportunidad ya que mi permanencia en Estados Unidos es muy frecuente, decid\u00ed importar productos para brindarles la mejor calidad a mis estudiantes y clientes de mi sal\u00f3n, spa y boutique que se encontraba en la ciudad de Valledupar.<\/div>\n<div><\/div>\n<div style=\"text-align: justify;\">Actualmente Zoe Beauty Store es una tienda de maquillaje importado virtual.\u00a0Nuestra mejor visi\u00f3n es brindarles cada d\u00eda un mejor servicio para que vivan una experiencia calidad-felicidad al momento de adquirir nuestros productos.<\/div>\n<p style=\"text-align: justify;\">[\/et_pb_text][\/et_pb_column][\/et_pb_row][\/et_pb_section][et_pb_section fb_built=\u00bb1&#8243; admin_label=\u00bbContact Form\u00bb _builder_version=\u00bb4.6.6&#8243; background_color=\u00bb#FFFFFF\u00bb background_enable_image=\u00bboff\u00bb background_size=\u00bbinitial\u00bb min_height=\u00bb604px\u00bb custom_margin=\u00bb||||false|false\u00bb custom_padding=\u00bb|||3px|false|false\u00bb][et_pb_row _builder_version=\u00bb3.25&#8243;][et_pb_column type=\u00bb4_4&#8243; _builder_version=\u00bb3.25&#8243; custom_padding=\u00bb|||\u00bb custom_padding__hover=\u00bb|||\u00bb][et_pb_text _builder_version=\u00bb4.6.6&#8243; _module_preset=\u00bbdefault\u00bb text_font=\u00bb|700|||||||\u00bb text_text_color=\u00bb#f4aeb7&#8243; header_font=\u00bb|700|||||||\u00bb header_text_color=\u00bb#f4aeb7&#8243; header_3_line_height=\u00bb1.3em\u00bb custom_margin=\u00bb10px||6px||false|false\u00bb header_text_color_tablet=\u00bb\u00bb header_text_color_phone=\u00bb\u00bb header_text_color_last_edited=\u00bbon|desktop\u00bb]<\/p>\n<div class=\"heading  header-subheader align-center color-black subcolor-main transform-default theme-icon-second icon-type-default   vc_custom_1587150049493 heading-tag-h3\" id=\"like_sc_header_477213886\">\n<h3 class=\"header ltx-sr-id-like_sc_header_477213886487915941 ltx-sr ltx-sr-effect-fade_in ltx-sr-el-block ltx-sr-delay-0 ltx-sr-duration-1000 ltx-sr-sequences-0\" data-sr-id=\"3\" style=\"text-align: center;\"><span style=\"font-size: xx-large; color: #f4aeb7;\"><span color=\"#ee8190\"><span style=\"caret-color: #ee8190;\">CONTACTO<\/span><\/span><\/span><\/h3>\n<\/div>\n<p>[\/et_pb_text][et_pb_text _builder_version=\u00bb4.6.6&#8243; text_font=\u00bbMuli|700||on|||||\u00bb text_text_color=\u00bb#848484&#8243; text_font_size=\u00bb12px\u00bb text_letter_spacing=\u00bb4px\u00bb text_line_height=\u00bb2em\u00bb header_font=\u00bb||||||||\u00bb header_6_font=\u00bbMontserrat||||||||\u00bb header_6_letter_spacing=\u00bb0.5vw\u00bb header_6_line_height=\u00bb2em\u00bb text_orientation=\u00bbcenter\u00bb max_width_tablet=\u00bb70%\u00bb max_width_last_edited=\u00bboff|phone\u00bb custom_margin=\u00bb||||false|false\u00bb custom_padding=\u00bb0px||0px||true|false\u00bb animation_style=\u00bbzoom\u00bb animation_intensity_zoom=\u00bb5%\u00bb border_color_all=\u00bbrgba(51,51,51,0.11)\u00bb border_width_top=\u00bb0px\u00bb border_width_bottom=\u00bb0px\u00bb locked=\u00bboff\u00bb box_shadow_vertical__hover_enabled=\u00bbon\u00bb border_width_bottom__hover=\u00bb1px\u00bb]\u00bfTienes alguna duda, sugerencia o comentario? \u00a1Escr\u00edbenos![\/et_pb_text][et_pb_contact_form captcha=\u00bboff\u00bb email=\u00bbinfo@zoe.com\u00bb success_message=\u00bb\u00a1Solicitud enviada con \u00e9xito!\u00bb submit_button_text=\u00bbENVIAR\u00bb _builder_version=\u00bb4.6.5&#8243; title_font=\u00bb||||||||\u00bb form_field_font=\u00bbMuli|600||on|||||\u00bb form_field_text_align=\u00bbleft\u00bb form_field_font_size=\u00bb12px\u00bb form_field_letter_spacing=\u00bb4px\u00bb form_field_line_height=\u00bb2em\u00bb custom_button=\u00bbon\u00bb button_text_size=\u00bb15px\u00bb button_text_color=\u00bb#ffffff\u00bb button_bg_color=\u00bb#f4aeb7&#8243; button_border_width=\u00bb10px\u00bb button_border_color=\u00bbrgba(0,0,0,0)\u00bb button_border_radius=\u00bb0px\u00bb button_letter_spacing=\u00bb2px\u00bb button_font=\u00bbMuli|600||on|||||\u00bb button_custom_margin=\u00bb||||false|false\u00bb button_custom_padding=\u00bb|50px||50px|false|false\u00bb button_letter_spacing__hover_enabled=\u00bbon|desktop\u00bb button_letter_spacing__hover=\u00bb5px\u00bb][et_pb_contact_field field_id=\u00bbNombre\u00bb field_title=\u00bbNombre\u00bb _builder_version=\u00bb4.4.8&#8243; button_text_size__hover_enabled=\u00bboff\u00bb button_one_text_size__hover_enabled=\u00bboff\u00bb button_two_text_size__hover_enabled=\u00bboff\u00bb button_text_color__hover_enabled=\u00bboff\u00bb button_one_text_color__hover_enabled=\u00bboff\u00bb button_two_text_color__hover_enabled=\u00bboff\u00bb button_border_width__hover_enabled=\u00bboff\u00bb button_one_border_width__hover_enabled=\u00bboff\u00bb button_two_border_width__hover_enabled=\u00bboff\u00bb button_border_color__hover_enabled=\u00bboff\u00bb button_one_border_color__hover_enabled=\u00bboff\u00bb button_two_border_color__hover_enabled=\u00bboff\u00bb button_border_radius__hover_enabled=\u00bboff\u00bb button_one_border_radius__hover_enabled=\u00bboff\u00bb button_two_border_radius__hover_enabled=\u00bboff\u00bb button_letter_spacing__hover_enabled=\u00bboff\u00bb button_one_letter_spacing__hover_enabled=\u00bboff\u00bb button_two_letter_spacing__hover_enabled=\u00bboff\u00bb button_bg_color__hover_enabled=\u00bboff\u00bb button_one_bg_color__hover_enabled=\u00bboff\u00bb button_two_bg_color__hover_enabled=\u00bboff\u00bb][\/et_pb_contact_field][et_pb_contact_field field_id=\u00bbCorreo\u00bb field_title=\u00bbCorreo Electr\u00f3nico\u00bb field_type=\u00bbemail\u00bb _builder_version=\u00bb4.4.8&#8243; button_text_size__hover_enabled=\u00bboff\u00bb button_one_text_size__hover_enabled=\u00bboff\u00bb button_two_text_size__hover_enabled=\u00bboff\u00bb button_text_color__hover_enabled=\u00bboff\u00bb button_one_text_color__hover_enabled=\u00bboff\u00bb button_two_text_color__hover_enabled=\u00bboff\u00bb button_border_width__hover_enabled=\u00bboff\u00bb button_one_border_width__hover_enabled=\u00bboff\u00bb button_two_border_width__hover_enabled=\u00bboff\u00bb button_border_color__hover_enabled=\u00bboff\u00bb button_one_border_color__hover_enabled=\u00bboff\u00bb button_two_border_color__hover_enabled=\u00bboff\u00bb button_border_radius__hover_enabled=\u00bboff\u00bb button_one_border_radius__hover_enabled=\u00bboff\u00bb button_two_border_radius__hover_enabled=\u00bboff\u00bb button_letter_spacing__hover_enabled=\u00bboff\u00bb button_one_letter_spacing__hover_enabled=\u00bboff\u00bb button_two_letter_spacing__hover_enabled=\u00bboff\u00bb button_bg_color__hover_enabled=\u00bboff\u00bb button_one_bg_color__hover_enabled=\u00bboff\u00bb button_two_bg_color__hover_enabled=\u00bboff\u00bb][\/et_pb_contact_field][et_pb_contact_field field_id=\u00bbMensaje\u00bb field_title=\u00bbMensaje\u00bb field_type=\u00bbtext\u00bb fullwidth_field=\u00bbon\u00bb _builder_version=\u00bb4.4.8&#8243; button_text_size__hover_enabled=\u00bboff\u00bb button_one_text_size__hover_enabled=\u00bboff\u00bb button_two_text_size__hover_enabled=\u00bboff\u00bb button_text_color__hover_enabled=\u00bboff\u00bb button_one_text_color__hover_enabled=\u00bboff\u00bb button_two_text_color__hover_enabled=\u00bboff\u00bb button_border_width__hover_enabled=\u00bboff\u00bb button_one_border_width__hover_enabled=\u00bboff\u00bb button_two_border_width__hover_enabled=\u00bboff\u00bb button_border_color__hover_enabled=\u00bboff\u00bb button_one_border_color__hover_enabled=\u00bboff\u00bb button_two_border_color__hover_enabled=\u00bboff\u00bb button_border_radius__hover_enabled=\u00bboff\u00bb button_one_border_radius__hover_enabled=\u00bboff\u00bb button_two_border_radius__hover_enabled=\u00bboff\u00bb button_letter_spacing__hover_enabled=\u00bboff\u00bb button_one_letter_spacing__hover_enabled=\u00bboff\u00bb button_two_letter_spacing__hover_enabled=\u00bboff\u00bb button_bg_color__hover_enabled=\u00bboff\u00bb button_one_bg_color__hover_enabled=\u00bboff\u00bb button_two_bg_color__hover_enabled=\u00bboff\u00bb][\/et_pb_contact_field][\/et_pb_contact_form][\/et_pb_column][\/et_pb_row][\/et_pb_section]<\/p>\n","protected":false},"excerpt":{"rendered":"<p>\u00bfQUI\u00c9N ES ZOE? Soy una apasionada por la belleza.\u00a0Profesional en Administraci\u00f3n, Cosmet\u00f3loga, asesora de imagen y Maquilladora Profesional con m\u00e1s de10 a\u00f1os de experiencia en el mundo de la belleza.\u00a0Cuento con t\u00edtulos internacionales de perfeccionamiento en maquillaje Brasilero y Europeo, experta en preparaci\u00f3n de piel. Especialista en styling de novias.\u00a0Fui presentadora de televisi\u00f3n y modelo [&hellip;]<\/p>\n","protected":false},"author":1,"featured_media":0,"parent":0,"menu_order":0,"comment_status":"closed","ping_status":"closed","template":"","meta":{"_et_pb_use_builder":"on","_et_pb_old_content":"","_et_gb_content_width":"","footnotes":""},"class_list":["post-2004","page","type-page","status-publish","hentry"],"_links":{"self":[{"href":"https:\/\/zoeandzoe.com\/col\/wp-json\/wp\/v2\/pages\/2004","targetHints":{"allow":["GET"]}}],"collection":[{"href":"https:\/\/zoeandzoe.com\/col\/wp-json\/wp\/v2\/pages"}],"about":[{"href":"https:\/\/zoeandzoe.com\/col\/wp-json\/wp\/v2\/types\/page"}],"author":[{"embeddable":true,"href":"https:\/\/zoeandzoe.com\/col\/wp-json\/wp\/v2\/users\/1"}],"replies":[{"embeddable":true,"href":"https:\/\/zoeandzoe.com\/col\/wp-json\/wp\/v2\/comments?post=2004"}],"version-history":[{"count":2,"href":"https:\/\/zoeandzoe.com\/col\/wp-json\/wp\/v2\/pages\/2004\/revisions"}],"predecessor-version":[{"id":2007,"href":"https:\/\/zoeandzoe.com\/col\/wp-json\/wp\/v2\/pages\/2004\/revisions\/2007"}],"wp:attachment":[{"href":"https:\/\/zoeandzoe.com\/col\/wp-json\/wp\/v2\/media?parent=2004"}],"curies":[{"name":"wp","href":"https:\/\/api.w.org\/{rel}","templated":true}]}}