{"id":287,"date":"2022-08-23T15:53:29","date_gmt":"2022-08-23T19:53:29","guid":{"rendered":"https:\/\/zoeandzoe.com\/byzoe\/?post_type=product&#038;p=287"},"modified":"2022-11-14T02:08:50","modified_gmt":"2022-11-14T07:08:50","slug":"gift-card","status":"publish","type":"product","link":"https:\/\/zoeandzoe.com\/byzoe\/product\/gift-card\/","title":{"rendered":"Gift Card"},"content":{"rendered":"","protected":false},"excerpt":{"rendered":"<p><span style=\"vertical-align: inherit;\"><span style=\"vertical-align: inherit;\"><span style=\"vertical-align: inherit;\"><span style=\"vertical-align: inherit;\">Las tarjetas de regalo son ideales para cualquier ocasi\u00f3n especial: cumplea\u00f1os, d\u00edas festivos, bodas, graduaciones o simplemente para dar las gracias.<\/span><\/span><\/span><\/span><\/p>\n<p>&nbsp;<\/p>\n<p>* Aplica condiciones y restricciones<\/p>\n<ul>\n<li>Validez de 6 meses a partir de la fecha de compra<\/li>\n<li>Bono v\u00e1lido s\u00f3lo para comprar en\u00a0 By ZOE<\/li>\n<li>No canjeable en efectivo<\/li>\n<\/ul>\n","protected":false},"featured_media":294,"template":"","meta":{"site-sidebar-layout":"default","site-content-layout":"default","ast-site-content-layout":"default","site-content-style":"default","site-sidebar-style":"default","ast-global-header-display":"","ast-banner-title-visibility":"","ast-main-header-display":"","ast-hfb-above-header-display":"","ast-hfb-below-header-display":"","ast-hfb-mobile-header-display":"","site-post-title":"","ast-breadcrumbs-content":"","ast-featured-img":"","footer-sml-layout":"","theme-transparent-header-meta":"default","adv-header-id-meta":"","stick-header-meta":"","header-above-stick-meta":"","header-main-stick-meta":"","header-below-stick-meta":"","astra-migrate-meta-layouts":"default","ast-page-background-enabled":"default","ast-page-background-meta":{"desktop":{"background-color":"var(--ast-global-color-4)","background-image":"","background-repeat":"repeat","background-position":"center center","background-size":"auto","background-attachment":"scroll","background-type":"","background-media":"","overlay-type":"","overlay-color":"","overlay-opacity":"","overlay-gradient":""},"tablet":{"background-color":"","background-image":"","background-repeat":"repeat","background-position":"center center","background-size":"auto","background-attachment":"scroll","background-type":"","background-media":"","overlay-type":"","overlay-color":"","overlay-opacity":"","overlay-gradient":""},"mobile":{"background-color":"","background-image":"","background-repeat":"repeat","background-position":"center center","background-size":"auto","background-attachment":"scroll","background-type":"","background-media":"","overlay-type":"","overlay-color":"","overlay-opacity":"","overlay-gradient":""}},"ast-content-background-meta":{"desktop":{"background-color":"var(--ast-global-color-5)","background-image":"","background-repeat":"repeat","background-position":"center center","background-size":"auto","background-attachment":"scroll","background-type":"","background-media":"","overlay-type":"","overlay-color":"","overlay-opacity":"","overlay-gradient":""},"tablet":{"background-color":"var(--ast-global-color-5)","background-image":"","background-repeat":"repeat","background-position":"center center","background-size":"auto","background-attachment":"scroll","background-type":"","background-media":"","overlay-type":"","overlay-color":"","overlay-opacity":"","overlay-gradient":""},"mobile":{"background-color":"var(--ast-global-color-5)","background-image":"","background-repeat":"repeat","background-position":"center center","background-size":"auto","background-attachment":"scroll","background-type":"","background-media":"","overlay-type":"","overlay-color":"","overlay-opacity":"","overlay-gradient":""}}},"product_brand":[],"product_cat":[15,25,21,26,111,30,31,27,29,119,28,22,120,23,94,73,24,32,33,34,35,36,37,117],"product_tag":[],"class_list":{"0":"post-287","1":"product","2":"type-product","3":"status-publish","4":"has-post-thumbnail","6":"product_cat-accesories","7":"product_cat-beauty","8":"product_cat-belts","9":"product_cat-body","10":"product_cat-brides","11":"product_cat-clothing","12":"product_cat-dresses","13":"product_cat-face","14":"product_cat-gift-card","15":"product_cat-glasses","16":"product_cat-hair","17":"product_cat-handbags","18":"product_cat-hat","19":"product_cat-jewelry","20":"product_cat-lingerie","21":"product_cat-nemketeba","22":"product_cat-others","23":"product_cat-pants","24":"product_cat-sets","25":"product_cat-shirt-blouses","26":"product_cat-skirts","27":"product_cat-sportswear","28":"product_cat-swinwear","29":"product_cat-shoes","30":"desktop-align-left","31":"tablet-align-left","32":"mobile-align-left","34":"first","35":"instock","36":"taxable","37":"shipping-taxable","38":"purchasable","39":"product-type-variable"},"_links":{"self":[{"href":"https:\/\/zoeandzoe.com\/byzoe\/wp-json\/wp\/v2\/product\/287","targetHints":{"allow":["GET"]}}],"collection":[{"href":"https:\/\/zoeandzoe.com\/byzoe\/wp-json\/wp\/v2\/product"}],"about":[{"href":"https:\/\/zoeandzoe.com\/byzoe\/wp-json\/wp\/v2\/types\/product"}],"wp:featuredmedia":[{"embeddable":true,"href":"https:\/\/zoeandzoe.com\/byzoe\/wp-json\/wp\/v2\/media\/294"}],"wp:attachment":[{"href":"https:\/\/zoeandzoe.com\/byzoe\/wp-json\/wp\/v2\/media?parent=287"}],"wp:term":[{"taxonomy":"product_brand","embeddable":true,"href":"https:\/\/zoeandzoe.com\/byzoe\/wp-json\/wp\/v2\/product_brand?post=287"},{"taxonomy":"product_cat","embeddable":true,"href":"https:\/\/zoeandzoe.com\/byzoe\/wp-json\/wp\/v2\/product_cat?post=287"},{"taxonomy":"product_tag","embeddable":true,"href":"https:\/\/zoeandzoe.com\/byzoe\/wp-json\/wp\/v2\/product_tag?post=287"}],"curies":[{"name":"wp","href":"https:\/\/api.w.org\/{rel}","templated":true}]}}