{"id":26,"date":"2022-08-22T13:39:11","date_gmt":"2022-08-22T13:39:11","guid":{"rendered":"https:\/\/zoeandzoe.com\/byzoe\/?page_id=26"},"modified":"2022-09-16T01:14:23","modified_gmt":"2022-09-16T05:14:23","slug":"shipping-policy","status":"publish","type":"page","link":"https:\/\/zoeandzoe.com\/byzoe\/shipping-policy\/","title":{"rendered":"Shipping Policy"},"content":{"rendered":"\t\t<div data-elementor-type=\"wp-page\" data-elementor-id=\"26\" class=\"elementor elementor-26\" data-elementor-post-type=\"page\">\n\t\t\t\t\t\t<section class=\"elementor-section elementor-top-section elementor-element elementor-element-c989777 elementor-section-height-min-height elementor-section-content-middle elementor-section-boxed elementor-section-height-default elementor-section-items-middle\" data-id=\"c989777\" data-element_type=\"section\" data-e-type=\"section\" data-settings=\"{&quot;background_background&quot;:&quot;classic&quot;}\">\n\t\t\t\t\t\t\t<div class=\"elementor-background-overlay\"><\/div>\n\t\t\t\t\t\t\t<div class=\"elementor-container elementor-column-gap-no\">\n\t\t\t\t\t<div class=\"elementor-column elementor-col-100 elementor-top-column elementor-element elementor-element-dc5809c\" data-id=\"dc5809c\" data-element_type=\"column\" data-e-type=\"column\" data-settings=\"{&quot;background_background&quot;:&quot;classic&quot;}\">\n\t\t\t<div class=\"elementor-widget-wrap elementor-element-populated\">\n\t\t\t\t\t\t\t<\/div>\n\t\t<\/div>\n\t\t\t\t\t<\/div>\n\t\t<\/section>\n\t\t\t\t<section class=\"elementor-section elementor-top-section elementor-element elementor-element-11236e0 elementor-section-boxed elementor-section-height-default elementor-section-height-default\" data-id=\"11236e0\" data-element_type=\"section\" data-e-type=\"section\">\n\t\t\t\t\t\t<div class=\"elementor-container elementor-column-gap-no\">\n\t\t\t\t\t<div class=\"elementor-column elementor-col-100 elementor-top-column elementor-element elementor-element-c393f2e\" data-id=\"c393f2e\" data-element_type=\"column\" data-e-type=\"column\">\n\t\t\t<div class=\"elementor-widget-wrap elementor-element-populated\">\n\t\t\t\t\t\t<div class=\"elementor-element elementor-element-5e02f26 elementor-widget elementor-widget-text-editor\" data-id=\"5e02f26\" data-element_type=\"widget\" data-e-type=\"widget\" data-widget_type=\"text-editor.default\">\n\t\t\t\t<div class=\"elementor-widget-container\">\n\t\t\t\t\t\t\t\t\t<p><span style=\"vertical-align: inherit;\"><span style=\"vertical-align: inherit;\">Realizamos env\u00edos a todo el mundo y ofrecemos env\u00edo est\u00e1ndar GRATUITO para todos los pedidos superiores a $99 en los Estados Unidos. <\/span><span style=\"vertical-align: inherit;\">En compras menores a $99 el env\u00edo cuesta $8.75<\/span><\/span><\/p><p><span style=\"vertical-align: inherit;\"><span style=\"vertical-align: inherit;\">Una vez que se haya procesado su pedido, se enviar\u00e1 a trav\u00e9s de nuestras empresas de mensajer\u00eda asociadas.<\/span><\/span><\/p><p><span style=\"vertical-align: inherit;\"><span style=\"vertical-align: inherit;\">Espere de 24 a 48 horas para el tiempo de procesamiento desde el momento de la compra para obtener actualizaciones sobre el seguimiento. <\/span><span style=\"vertical-align: inherit;\">Durante COVID-19, pueden ocurrir retrasos en el env\u00edo.<\/span><\/span><\/p><p><span style=\"vertical-align: inherit;\"><span style=\"vertical-align: inherit;\">Los tiempos de entrega var\u00edan seg\u00fan la ubicaci\u00f3n, los tiempos de entrega aproximados se estiman en 4-10 a los Estados Unidos desde el env\u00edo y 2-5 semanas al resto del mundo desde el env\u00edo.<\/span><\/span><\/p><p><span style=\"vertical-align: inherit;\"><span style=\"vertical-align: inherit;\">Env\u00edo internacional: todos los precios est\u00e1n sujetos a cambios al realizar el pedido.<\/span><\/span><\/p><p><span style=\"vertical-align: inherit;\"><span style=\"vertical-align: inherit;\">Todos los pedidos de entrega est\u00e1ndar, terrestre y acelerada requieren hasta 2-3 d\u00edas h\u00e1biles, dependiendo de la disponibilidad y la verificaci\u00f3n de la tarjeta de cr\u00e9dito. <\/span><span style=\"vertical-align: inherit;\">Los tiempos de env\u00edo pueden variar debido a la disponibilidad de la mercanc\u00eda. <\/span><span style=\"vertical-align: inherit;\">Recibir\u00e1 un correo electr\u00f3nico con informaci\u00f3n de seguimiento despu\u00e9s de que se haya realizado su pedido. <\/span><span style=\"vertical-align: inherit;\">Si no recibe un correo electr\u00f3nico de confirmaci\u00f3n de env\u00edo dentro de los 3 d\u00edas h\u00e1biles, comun\u00edquese con\u00a0 <\/span><\/span><a class=\"email\" href=\"mailto:info@zoeandzoe.com\"><span style=\"vertical-align: inherit;\"><span style=\"vertical-align: inherit;\">info@zoeandzoe.com<\/span><\/span><\/a><\/p><p><span style=\"vertical-align: inherit;\"><span style=\"vertical-align: inherit;\">Hacemos todo lo posible para enviar lo antes posible y, a menudo, recibir\u00e1 su pedido mucho antes de lo estimado.<\/span><\/span><\/p><p><span style=\"vertical-align: inherit;\"><span style=\"vertical-align: inherit;\">Sin embargo, debido al Covid-19, no podemos garantizar los plazos de entrega de los paquetes. <\/span><span style=\"vertical-align: inherit;\">Considere cualquier tiempo de env\u00edo o tr\u00e1nsito que le ofrezca ZOE. <\/span><span style=\"vertical-align: inherit;\">es solo una estimaci\u00f3n.<\/span><\/span><\/p><p><span style=\"vertical-align: inherit;\"><span style=\"vertical-align: inherit;\">Tenga en cuenta que ZOE. <\/span><span style=\"vertical-align: inherit;\">no es responsable de los env\u00edos retrasados \u200b\u200bo de los paquetes perdidos o robados. <\/span><span style=\"vertical-align: inherit;\">Aunque este es un caso raro y nunca ha sucedido. <\/span><\/span><br \/><span style=\"vertical-align: inherit;\"><span style=\"vertical-align: inherit;\">Queremos que usted est\u00e9 satisfecho con su compra. <\/span><span style=\"vertical-align: inherit;\">Si tiene alguna otra pregunta o inquietud, comun\u00edquese con nosotros por correo electr\u00f3nico a\u00a0 <\/span><\/span><a class=\"email\" href=\"mailto:info@zoeandzoe.com\"><span style=\"vertical-align: inherit;\"><span style=\"vertical-align: inherit;\">info@zoeandzoe.com<\/span><\/span><\/a><\/p><p><span style=\"vertical-align: inherit;\"><span style=\"vertical-align: inherit;\">Si se deniega su solicitud y tiene m\u00e1s preguntas, env\u00ede un correo electr\u00f3nico\u00a0 a <\/span><\/span><a class=\"email\" href=\"mailto:info@zoeandzoe.com\"><span style=\"vertical-align: inherit;\"><span style=\"vertical-align: inherit;\">info@zoeandzoe.com<\/span><\/span><\/a><span style=\"vertical-align: inherit;\"><span style=\"vertical-align: inherit;\"> \u00a0para obtener m\u00e1s detalles.<\/span><\/span><\/p><p><span style=\"vertical-align: inherit;\"><span style=\"vertical-align: inherit;\">Nuestro horario de atenci\u00f3n es de 10 am a 5 pm de lunes a viernes; <\/span><span style=\"vertical-align: inherit;\">tenga esto en cuenta cuando espere una respuesta.<\/span><\/span><\/p><h4><span style=\"font-weight: normal;\"><span style=\"vertical-align: inherit;\"><span style=\"vertical-align: inherit;\">Paquetes faltantes<\/span><\/span><\/span><\/h4><p><span style=\"vertical-align: inherit;\"><span style=\"vertical-align: inherit;\">Si su informaci\u00f3n de seguimiento muestra que su paquete fue entregado pero no puede encontrarlo, verifique la direcci\u00f3n de env\u00edo. <\/span><span style=\"vertical-align: inherit;\">Busque un aviso de intento de entrega y\/o vea si alguien m\u00e1s acept\u00f3 la entrega en su nombre. <\/span><span style=\"vertical-align: inherit;\">Espere 3 d\u00edas; en casos excepcionales, los paquetes pueden decir que se entregaron hasta 36 horas antes de la llegada. <\/span><\/span><br \/><span style=\"vertical-align: inherit;\"><span style=\"vertical-align: inherit;\">No reemplazaremos la mercanc\u00eda que se haya extraviado debido a un robo o un paquete que se haya dejado afuera por un per\u00edodo de tiempo prolongado. <\/span><span style=\"vertical-align: inherit;\">No somos responsables una vez que el paquete est\u00e1 en manos de USPS, FedEx o UPS. <\/span><\/span><br \/><span style=\"vertical-align: inherit;\"><span style=\"vertical-align: inherit;\">No reembolsaremos ni reenviaremos paquetes que hayan sido marcados como entregados por el transportista. <\/span><span style=\"vertical-align: inherit;\">No presentamos reclamos en nombre de los clientes por paquetes faltantes.<\/span><\/span><\/p><h4><span style=\"vertical-align: inherit;\"><span style=\"vertical-align: inherit;\">Env\u00edo internacional:<\/span><\/span><\/h4><p><span style=\"vertical-align: inherit;\"><span style=\"vertical-align: inherit;\">Tenga en cuenta que los paquetes pueden demorar m\u00e1s de 15 a 35 d\u00edas h\u00e1biles para que los clientes los reciban. <\/span><span style=\"vertical-align: inherit;\">Una vez que su paquete sale del pa\u00eds, las actualizaciones de seguimiento pueden ser m\u00e1s lentas de lo normal, ya que pasa por la Aduana y Fronteras de EE. UU., lo que puede retrasar la recepci\u00f3n de su paquete. <\/span><span style=\"vertical-align: inherit;\">Le pedimos paciencia al realizar un pedido internacional.<\/span><\/span><\/p><h4><span style=\"vertical-align: inherit;\"><span style=\"vertical-align: inherit;\">Informaci\u00f3n de env\u00edo incorrecta:<\/span><\/span><\/h4><p><span style=\"vertical-align: inherit;\"><span style=\"vertical-align: inherit;\">Si se devuelve un paquete a ZOE AND ZOE, debido a una direcci\u00f3n de env\u00edo incorrecta o incompleta proporcionada por un cliente, o si el cliente no estaba en casa para la entrega, el cliente ser\u00e1 responsable del costo de env\u00edo de devoluci\u00f3n, as\u00ed como del costo de reenv\u00edo. <\/span><span style=\"vertical-align: inherit;\">ZOE AND ZOE no es responsable de paquetes entregados incorrectamente o perdidos debido a informaci\u00f3n de env\u00edo incorrecta o incompleta proporcionada por un cliente, no se proporcionar\u00e1n reembolsos si la direcci\u00f3n es incorrecta.<\/span><\/span><\/p><p><span style=\"vertical-align: inherit;\"><span style=\"vertical-align: inherit;\">No cancelamos pedidos una vez realizados.<\/span><\/span><\/p>\t\t\t\t\t\t\t\t<\/div>\n\t\t\t\t<\/div>\n\t\t\t\t\t<\/div>\n\t\t<\/div>\n\t\t\t\t\t<\/div>\n\t\t<\/section>\n\t\t\t\t<\/div>\n\t\t","protected":false},"excerpt":{"rendered":"<p>Realizamos env\u00edos a todo el mundo y ofrecemos env\u00edo est\u00e1ndar GRATUITO para todos los pedidos superiores a $99 en los Estados Unidos. En compras menores a $99 el env\u00edo cuesta $8.75 Una vez que se haya procesado su pedido, se enviar\u00e1 a trav\u00e9s de nuestras empresas de mensajer\u00eda asociadas. Espere de 24 a 48 horas [&hellip;]<\/p>\n","protected":false},"author":2,"featured_media":0,"parent":0,"menu_order":0,"comment_status":"closed","ping_status":"closed","template":"elementor_header_footer","meta":{"site-sidebar-layout":"no-sidebar","site-content-layout":"page-builder","ast-site-content-layout":"default","site-content-style":"default","site-sidebar-style":"default","ast-global-header-display":"","ast-banner-title-visibility":"","ast-main-header-display":"","ast-hfb-above-header-display":"","ast-hfb-below-header-display":"","ast-hfb-mobile-header-display":"","site-post-title":"disabled","ast-breadcrumbs-content":"","ast-featured-img":"disabled","footer-sml-layout":"","theme-transparent-header-meta":"default","adv-header-id-meta":"","stick-header-meta":"","header-above-stick-meta":"","header-main-stick-meta":"","header-below-stick-meta":"","astra-migrate-meta-layouts":"default","ast-page-background-enabled":"default","ast-page-background-meta":{"desktop":{"background-color":"var(--ast-global-color-4)","background-image":"","background-repeat":"repeat","background-position":"center center","background-size":"auto","background-attachment":"scroll","background-type":"","background-media":"","overlay-type":"","overlay-color":"","overlay-opacity":"","overlay-gradient":""},"tablet":{"background-color":"","background-image":"","background-repeat":"repeat","background-position":"center center","background-size":"auto","background-attachment":"scroll","background-type":"","background-media":"","overlay-type":"","overlay-color":"","overlay-opacity":"","overlay-gradient":""},"mobile":{"background-color":"","background-image":"","background-repeat":"repeat","background-position":"center center","background-size":"auto","background-attachment":"scroll","background-type":"","background-media":"","overlay-type":"","overlay-color":"","overlay-opacity":"","overlay-gradient":""}},"ast-content-background-meta":{"desktop":{"background-color":"var(--ast-global-color-5)","background-image":"","background-repeat":"repeat","background-position":"center center","background-size":"auto","background-attachment":"scroll","background-type":"","background-media":"","overlay-type":"","overlay-color":"","overlay-opacity":"","overlay-gradient":""},"tablet":{"background-color":"var(--ast-global-color-5)","background-image":"","background-repeat":"repeat","background-position":"center center","background-size":"auto","background-attachment":"scroll","background-type":"","background-media":"","overlay-type":"","overlay-color":"","overlay-opacity":"","overlay-gradient":""},"mobile":{"background-color":"var(--ast-global-color-5)","background-image":"","background-repeat":"repeat","background-position":"center center","background-size":"auto","background-attachment":"scroll","background-type":"","background-media":"","overlay-type":"","overlay-color":"","overlay-opacity":"","overlay-gradient":""}},"footnotes":""},"class_list":["post-26","page","type-page","status-publish","hentry"],"_links":{"self":[{"href":"https:\/\/zoeandzoe.com\/byzoe\/wp-json\/wp\/v2\/pages\/26","targetHints":{"allow":["GET"]}}],"collection":[{"href":"https:\/\/zoeandzoe.com\/byzoe\/wp-json\/wp\/v2\/pages"}],"about":[{"href":"https:\/\/zoeandzoe.com\/byzoe\/wp-json\/wp\/v2\/types\/page"}],"author":[{"embeddable":true,"href":"https:\/\/zoeandzoe.com\/byzoe\/wp-json\/wp\/v2\/users\/2"}],"replies":[{"embeddable":true,"href":"https:\/\/zoeandzoe.com\/byzoe\/wp-json\/wp\/v2\/comments?post=26"}],"version-history":[{"count":25,"href":"https:\/\/zoeandzoe.com\/byzoe\/wp-json\/wp\/v2\/pages\/26\/revisions"}],"predecessor-version":[{"id":2127,"href":"https:\/\/zoeandzoe.com\/byzoe\/wp-json\/wp\/v2\/pages\/26\/revisions\/2127"}],"wp:attachment":[{"href":"https:\/\/zoeandzoe.com\/byzoe\/wp-json\/wp\/v2\/media?parent=26"}],"curies":[{"name":"wp","href":"https:\/\/api.w.org\/{rel}","templated":true}]}}